{"id":614,"date":"2022-08-24T19:48:44","date_gmt":"2022-08-24T17:48:44","guid":{"rendered":"http:\/\/www.bergenungekammerorkester.no\/?page_id=614"},"modified":"2025-11-18T13:52:07","modified_gmt":"2025-11-18T12:52:07","slug":"kontakt","status":"publish","type":"page","link":"https:\/\/www.bergenungekammerorkester.no\/index.php\/kontakt\/","title":{"rendered":"Portef\u00f8lje"},"content":{"rendered":"\n<div style=\"height:56px\" aria-hidden=\"true\" class=\"wp-block-spacer\"><\/div>\n\n\n\n<h1 class=\"wp-block-heading has-text-align-center\" style=\"font-size:50px;font-style:normal;font-weight:300;letter-spacing:8px\">PORTEF\u00d8LJE<\/h1>\n\n\n\n<div style=\"height:100px\" aria-hidden=\"true\" class=\"wp-block-spacer\"><\/div>\n\n\n\n<div class=\"wp-block-group\"><div class=\"wp-block-group__inner-container is-layout-flow wp-block-group-is-layout-flow\">\n<h2 class=\"wp-block-heading has-large-font-size\" style=\"font-style:normal;font-weight:200;letter-spacing:3px\">CV: BUKO<\/h2>\n\n\n\n<p><strong>Bergen Unge Kammerorkester<\/strong> ble stiftet h\u00f8sten 2001 p\u00e5 initiativ fra unge musikere i Bergen. De \u00f8nsket et sted hvor de kunne spille kammermusikk sammen p\u00e5 et h\u00f8yt og utfordrende kunstnerisk niv\u00e5.<br> \u00a0<br> Orkesteret ledes av fiolinisten Tone M. Birkeland, til daglig ansatt i Bergen filharmoniske orkester og en av grunnleggerne til BUKO.<br> Medlemmer er i alderen 17-30 \u00e5r og rekrutteres fra Bergen kulturskole, musikklinjen ved Langhaugen vgs, Kongshaug musikkgymnas og Griegakademiet.<br> \u00a0<br> Orkesteret er en arena hvor de unge musikerne f\u00e5r utfordringer b\u00e5de i krevende samspill og ved \u00e5 opptre som solister.<br> \u00a0<br> BUKO har gjennom 18 \u00e5r holdt mange konserter b\u00e5de i inn- og\u00a0 utland. I tillegg til jevnlige konserter og turn\u00e9virksomhet p\u00e5 Vestlandet, reiser orkesteret p\u00e5 utenlands-turn\u00e9 annethvert \u00e5r. Vi har v\u00e6rt over hele verden \u2013 fra New York til Berlin, fra Australia og Kina til Argentina. Blant h\u00f8ydepunktene kan nevnes turn\u00e9 i Canada i 2014 hvor vi spilte konsert i anledning Grunnlovsjubileet for den norske ambassaden i Ottawa.<br> \u00a0<br> BUKO er et allsidig orkester med et repertoar som favner norske musikkskatter, klassisk kammermusikk, jazz, folkemusikk og tango. Med dette \u00f8nsker BUKO \u00e5 inspirere og engasjere unge talenter til \u00e5 fortsette \u00e5 dyrke sitt talent og sin interesse for klassisk musikk.<\/p>\n\n\n\n<div style=\"height:156px\" aria-hidden=\"true\" class=\"wp-block-spacer\"><\/div>\n\n\n\n<div class=\"wp-block-group is-vertical is-layout-flex wp-container-core-group-is-layout-fe9cc265 wp-block-group-is-layout-flex\">\n<h2 class=\"wp-block-heading has-large-font-size\" style=\"font-style:normal;font-weight:200;letter-spacing:3px\">CV: BUKO &#8211; kort<\/h2>\n\n\n\n<p><strong>Bergen Unge Kammerorkester<\/strong>\/BUKO ble stiftet h\u00f8sten 2001 p\u00e5 initiativ fra unge musikere i Bergen. De \u00f8nsket et sted hvor de kunne spille kammermusikk p\u00e5 et h\u00f8yt og utfordrende kunstnerisk niv\u00e5. Tone Martinsen Birkeland, fiolinist i Bergen Filharmoniske Orkester, gikk inn som kunstnerisk leder, og har i \u00e5rene etter ledet orkesteret som etter hvert har&nbsp; turn\u00e9rt over hele verden. BUKO er et allsidig orkester med et repertoar som favner norske musikkskatter, klassisk kammermusikk, jazz, folkemusikk og tango. Med dette \u00f8nsker BUKO \u00e5 inspirere og engasjere unge talenter til \u00e5 fortsette \u00e5 dyrke sitt talent og sin interesse for klassisk musikk. <\/p>\n<\/div>\n\n\n\n<div style=\"height:171px\" aria-hidden=\"true\" class=\"wp-block-spacer\"><\/div>\n\n\n\n<div class=\"wp-block-group is-vertical is-layout-flex wp-container-core-group-is-layout-fe9cc265 wp-block-group-is-layout-flex\">\n<h2 class=\"wp-block-heading has-large-font-size\" style=\"font-style:normal;font-weight:200;letter-spacing:3px\">CV: Tone M. Birkeland<\/h2>\n\n\n\n<p> <strong>Tone M. Birkeland<\/strong> er kunstnerisk leder og en av initiativtakerne for Bergen  Unge Kammerorkester. Hun utdannet seg som musiker p\u00e5 \u00d8stlandets  Musikkonservatorium, der hun studerte med Kaare S\u00e6ter og Leif J\u00f8rgensen. Hun har  ogs\u00e5 f\u00e5tt undervisning i Berlin, M\u00fcnchen , K\u00f8benhavn og London med blant annet  Tomasz Tomazewski, Martha Libalowa og Ester Catona. Tone har ogs\u00e5 v\u00e6rt solist  med Follo kammerorkester og universitetsorkesteret i Bergen. Siden 1991 har Tone  v\u00e6rt fast ansatt&nbsp; som fiolinist i Bergen Filharmoniske orkester. Hun har  dirigert og instruert kammerorkestre i Oslo og Bergen og er en etterspurt  instrukat\u00f8r. I tillegg har hun hatt fiolinelever i Bergen siden  1998. <\/p>\n<\/div>\n<\/div><\/div>\n","protected":false},"excerpt":{"rendered":"<p>PORTEF\u00d8LJE CV: BUKO Bergen Unge Kammerorkester ble stiftet h\u00f8sten 2001 p\u00e5 initiativ fra unge musikere i Bergen. De \u00f8nsket et sted hvor de kunne spille kammermusikk sammen p\u00e5 et h\u00f8yt og utfordrende kunstnerisk niv\u00e5. \u00a0 Orkesteret ledes av fiolinisten Tone M. Birkeland, til daglig ansatt i Bergen filharmoniske orkester og [&hellip;]<\/p>\n","protected":false},"author":3,"featured_media":0,"parent":0,"menu_order":0,"comment_status":"closed","ping_status":"closed","template":"","meta":{"inline_featured_image":false,"footnotes":""},"class_list":["post-614","page","type-page","status-publish","hentry"],"_links":{"self":[{"href":"https:\/\/www.bergenungekammerorkester.no\/index.php\/wp-json\/wp\/v2\/pages\/614","targetHints":{"allow":["GET"]}}],"collection":[{"href":"https:\/\/www.bergenungekammerorkester.no\/index.php\/wp-json\/wp\/v2\/pages"}],"about":[{"href":"https:\/\/www.bergenungekammerorkester.no\/index.php\/wp-json\/wp\/v2\/types\/page"}],"author":[{"embeddable":true,"href":"https:\/\/www.bergenungekammerorkester.no\/index.php\/wp-json\/wp\/v2\/users\/3"}],"replies":[{"embeddable":true,"href":"https:\/\/www.bergenungekammerorkester.no\/index.php\/wp-json\/wp\/v2\/comments?post=614"}],"version-history":[{"count":12,"href":"https:\/\/www.bergenungekammerorkester.no\/index.php\/wp-json\/wp\/v2\/pages\/614\/revisions"}],"predecessor-version":[{"id":1025,"href":"https:\/\/www.bergenungekammerorkester.no\/index.php\/wp-json\/wp\/v2\/pages\/614\/revisions\/1025"}],"wp:attachment":[{"href":"https:\/\/www.bergenungekammerorkester.no\/index.php\/wp-json\/wp\/v2\/media?parent=614"}],"curies":[{"name":"wp","href":"https:\/\/api.w.org\/{rel}","templated":true}]}}