{"id":2,"date":"2015-05-31T22:29:31","date_gmt":"2015-05-31T20:29:31","guid":{"rendered":"http:\/\/bergenungekammerorkester.no\/?page_id=2"},"modified":"2026-02-02T13:05:43","modified_gmt":"2026-02-02T12:05:43","slug":"aboutus","status":"publish","type":"page","link":"https:\/\/www.bergenungekammerorkester.no\/index.php\/aboutus\/","title":{"rendered":"Om oss"},"content":{"rendered":"\n<h1 class=\"wp-block-heading has-text-align-center\" style=\"font-size:70px;font-style:normal;font-weight:200;letter-spacing:4px\">Om oss<\/h1>\n\n\n\n<p><\/p>\n\n\n\n<p>Bergen Ungdoms Kammerorkester (BUKO) ble stiftet h\u00f8sten 2001, p\u00e5 initiativ fra unge musikere i Bergen. De \u00f8nsket \u00e5 skape en mulighet for likesinnede til \u00e5 spille sammen i et mindre kammerorkester og f\u00e5 muligheten til \u00e5 vokse og utvikle seg, b\u00e5de p\u00e5 et individuelt niv\u00e5, men ogs\u00e5 i samspill med andre musikere.<\/p>\n\n\n\n<div class=\"wp-block-group is-nowrap is-layout-flex wp-container-core-group-is-layout-6c531013 wp-block-group-is-layout-flex\">\n<p><\/p>\n<\/div>\n\n\n\n<p><\/p>\n\n\n\n<p> <strong>  <\/strong><\/p>\n\n\n\n<div class=\"wp-block-columns are-vertically-aligned-center is-layout-flex wp-container-core-columns-is-layout-28f84493 wp-block-columns-is-layout-flex\">\n<div class=\"wp-block-column is-vertically-aligned-center is-layout-flow wp-block-column-is-layout-flow\" style=\"flex-basis:50%\">\n<h2 class=\"wp-block-heading\">Tone M. Birkeland<\/h2>\n\n\n\n<p>V\u00e5r kunstneriske leder, Tone M. Birkeland, er en av grunnleggerne av Bergen Unge Kammerorkester og har v\u00e6rt en sentral drivkraft helt fra starten. Hun er fast fiolinist i Bergen Filharmoniske Orkester og regnes som selve hjertet i BUKO. Med lang erfaring som musiker og pedagog har Tone dirigert og instruert flere kammerorkestre i Oslo og Bergen.<\/p>\n<\/div>\n\n\n\n<div class=\"wp-block-column is-vertically-aligned-center is-layout-flow wp-block-column-is-layout-flow\" style=\"flex-basis:50%\">\n<figure class=\"wp-block-image size-large is-style-rounded\"><img loading=\"lazy\" decoding=\"async\" width=\"1024\" height=\"694\" src=\"https:\/\/www.bergenungekammerorkester.no\/wp-content\/uploads\/2025\/09\/IMGP8278-2-1024x694.jpg\" alt=\"\" class=\"wp-image-939\" srcset=\"https:\/\/www.bergenungekammerorkester.no\/wp-content\/uploads\/2025\/09\/IMGP8278-2-1024x694.jpg 1024w, https:\/\/www.bergenungekammerorkester.no\/wp-content\/uploads\/2025\/09\/IMGP8278-2-300x203.jpg 300w, https:\/\/www.bergenungekammerorkester.no\/wp-content\/uploads\/2025\/09\/IMGP8278-2-768x521.jpg 768w, https:\/\/www.bergenungekammerorkester.no\/wp-content\/uploads\/2025\/09\/IMGP8278-2-1536x1042.jpg 1536w, https:\/\/www.bergenungekammerorkester.no\/wp-content\/uploads\/2025\/09\/IMGP8278-2-2048x1389.jpg 2048w\" sizes=\"auto, (max-width: 1024px) 100vw, 1024px\" \/><\/figure>\n<\/div>\n<\/div>\n\n\n\n<h2 class=\"wp-block-heading\">Medlem<\/h2>\n\n\n\n<p>Medlemmene i BUKO er mellom 16 og 30 \u00e5r, og mange har bakgrunn fra eller tilknytning til Bergen kulturskole, Langhaugen videreg\u00e5ende skole, Kongshaug musikkgymnas, Griegakademiet og andre musikkutdanningsinstitusjoner i Bergensomr\u00e5det. Orkesterets m\u00e5l er \u00e5 utfordre unge musikere og gi dem mulighet til kunstnerisk utvikling, b\u00e5de som solister og som en del av et orkester. Samtidig er BUKO en inkluderende og sosial m\u00f8teplass for unge musikere med felles interesser, der det legges vekt p\u00e5 b\u00e5de faglig kvalitet og spilleglede.<\/p>\n\n\n\n<p><\/p>\n\n\n\n<div class=\"wp-block-group is-nowrap is-layout-flex wp-container-core-group-is-layout-6c531013 wp-block-group-is-layout-flex\">\n<p><\/p>\n<\/div>\n\n\n\n<div class=\"wp-block-columns are-vertically-aligned-center is-layout-flex wp-container-core-columns-is-layout-28f84493 wp-block-columns-is-layout-flex\">\n<div class=\"wp-block-column is-vertically-aligned-center is-layout-flow wp-block-column-is-layout-flow\" style=\"flex-basis:50%\">\n<figure class=\"wp-block-image size-large is-style-rounded\"><img loading=\"lazy\" decoding=\"async\" width=\"1024\" height=\"680\" src=\"https:\/\/www.bergenungekammerorkester.no\/wp-content\/uploads\/2025\/09\/IMGP8285-1024x680.jpg\" alt=\"\" class=\"wp-image-940\" srcset=\"https:\/\/www.bergenungekammerorkester.no\/wp-content\/uploads\/2025\/09\/IMGP8285-1024x680.jpg 1024w, https:\/\/www.bergenungekammerorkester.no\/wp-content\/uploads\/2025\/09\/IMGP8285-300x199.jpg 300w, https:\/\/www.bergenungekammerorkester.no\/wp-content\/uploads\/2025\/09\/IMGP8285-768x510.jpg 768w, https:\/\/www.bergenungekammerorkester.no\/wp-content\/uploads\/2025\/09\/IMGP8285-1536x1020.jpg 1536w, https:\/\/www.bergenungekammerorkester.no\/wp-content\/uploads\/2025\/09\/IMGP8285-2048x1360.jpg 2048w, https:\/\/www.bergenungekammerorkester.no\/wp-content\/uploads\/2025\/09\/IMGP8285-360x240.jpg 360w\" sizes=\"auto, (max-width: 1024px) 100vw, 1024px\" \/><\/figure>\n<\/div>\n\n\n\n<div class=\"wp-block-column is-vertically-aligned-center is-layout-flow wp-block-column-is-layout-flow\" style=\"flex-basis:50%\">\n<p>Flere av v\u00e5re tidligere medlemmer har senere g\u00e5tt videre til h\u00f8yere musikkutdanning i Norge og i utlandet, og mange er i dag etablert som profesjonelle musikere nasjonalt og internasjonalt.<\/p>\n<\/div>\n<\/div>\n\n\n\n<div class=\"wp-block-group is-nowrap is-layout-flex wp-container-core-group-is-layout-6c531013 wp-block-group-is-layout-flex\">\n<p><\/p>\n<\/div>\n\n\n\n<h2 class=\"wp-block-heading\">Reisen v\u00e5r<\/h2>\n\n\n\n<p>Bergen Unge Kammerorkester (BUKO) ble etablert i 2001 med fiolinisten Tone M. Birkeland som kunstnerisk leder, og er et tilbud for unge, talentfulle og viderekomne strykere i Bergen og omegn. Orkesteret er en arena for musikalsk fordypning, der medlemmene f\u00e5r utfordringer b\u00e5de i samspill og som solister. I over 25 \u00e5r har BUKO holdt konserter i kirker og konsertlokaler i Bergen og omland, og orkesteret har ogs\u00e5 et tydelig m\u00e5l om \u00e5 v\u00e6re en brobygger mellom amat\u00f8rmusikklivet og det profesjonelle musikklivet gjennom samarbeid med blant annet Bergen Filharmoniske Orkester (BFO).<\/p>\n\n\n\n<p>BUKOs f\u00f8rste utenlandsturn\u00e9 gikk til Neubrandenburger Jugendorchesterfestival i Tyskland i 2010, og markerte starten p\u00e5 en lang rekke internasjonale turneer. Siden den gang har orkesteret reist til blant annet Helsingfors, Berlin, New York, Sydney og Sveits, og skulle ogs\u00e5 ha gjennomf\u00f8rt konserter i Kina i 2010\/2011. Selv om besetningen naturlig fornyes over tid, har orkesteret bevart sin utforskende \u00e5nd og h\u00f8ye kunstneriske niv\u00e5, ledet av Tone Birkeland.<\/p>\n\n\n\n<p>Samarbeidet med Bergen Filharmoniske Orkester har gitt BUKO verdifulle m\u00f8ter med profesjonelle dirigenter og solister, og orkesteret har beveget seg gjennom et bredt spekter av musikalske uttrykk og sjangre. Medlemmene er aktivt involvert i planlegging og gjennomf\u00f8ring av konserter, og har en tydelig rolle som representanter for Bergen, Vestlandet og norsk musikkliv \u2013 b\u00e5de lokalt og internasjonalt.<\/p>\n\n\n\n<p><\/p>\n\n\n\n<p><\/p>\n\n\n\n<p><\/p>\n\n\n\n<div class=\"wp-block-columns is-layout-flex wp-container-core-columns-is-layout-28f84493 wp-block-columns-is-layout-flex\">\n<div class=\"wp-block-column is-layout-flow wp-block-column-is-layout-flow\" style=\"flex-basis:100%\">\n<h2 class=\"wp-block-heading\">Styret <\/h2>\n\n\n\n<div class=\"wp-block-columns is-layout-flex wp-container-core-columns-is-layout-28f84493 wp-block-columns-is-layout-flex\">\n<div class=\"wp-block-column is-layout-flow wp-block-column-is-layout-flow\"><\/div>\n\n\n\n<div class=\"wp-block-column is-layout-flow wp-block-column-is-layout-flow\"><\/div>\n<\/div>\n<\/div>\n<\/div>\n\n\n\n<p><\/p>\n","protected":false},"excerpt":{"rendered":"<p>Om oss Bergen Ungdoms Kammerorkester (BUKO) ble stiftet h\u00f8sten 2001, p\u00e5 initiativ fra unge musikere i Bergen. De \u00f8nsket \u00e5 skape en mulighet for likesinnede til \u00e5 spille sammen i et mindre kammerorkester og f\u00e5 muligheten til \u00e5 vokse og utvikle seg, b\u00e5de p\u00e5 et individuelt niv\u00e5, men ogs\u00e5 i [&hellip;]<\/p>\n","protected":false},"author":1,"featured_media":0,"parent":0,"menu_order":0,"comment_status":"closed","ping_status":"closed","template":"","meta":{"inline_featured_image":false,"footnotes":""},"class_list":["post-2","page","type-page","status-publish","hentry"],"_links":{"self":[{"href":"https:\/\/www.bergenungekammerorkester.no\/index.php\/wp-json\/wp\/v2\/pages\/2","targetHints":{"allow":["GET"]}}],"collection":[{"href":"https:\/\/www.bergenungekammerorkester.no\/index.php\/wp-json\/wp\/v2\/pages"}],"about":[{"href":"https:\/\/www.bergenungekammerorkester.no\/index.php\/wp-json\/wp\/v2\/types\/page"}],"author":[{"embeddable":true,"href":"https:\/\/www.bergenungekammerorkester.no\/index.php\/wp-json\/wp\/v2\/users\/1"}],"replies":[{"embeddable":true,"href":"https:\/\/www.bergenungekammerorkester.no\/index.php\/wp-json\/wp\/v2\/comments?post=2"}],"version-history":[{"count":42,"href":"https:\/\/www.bergenungekammerorkester.no\/index.php\/wp-json\/wp\/v2\/pages\/2\/revisions"}],"predecessor-version":[{"id":1066,"href":"https:\/\/www.bergenungekammerorkester.no\/index.php\/wp-json\/wp\/v2\/pages\/2\/revisions\/1066"}],"wp:attachment":[{"href":"https:\/\/www.bergenungekammerorkester.no\/index.php\/wp-json\/wp\/v2\/media?parent=2"}],"curies":[{"name":"wp","href":"https:\/\/api.w.org\/{rel}","templated":true}]}}