{"id":130,"date":"2019-05-23T21:51:33","date_gmt":"2019-05-23T19:51:33","guid":{"rendered":"http:\/\/www.bergenungekammerorkester.no\/?page_id=130"},"modified":"2025-11-18T13:51:59","modified_gmt":"2025-11-18T12:51:59","slug":"hor-buko","status":"publish","type":"page","link":"https:\/\/www.bergenungekammerorkester.no\/index.php\/hor-buko\/","title":{"rendered":"Kontakt oss"},"content":{"rendered":"\n<h1 class=\"wp-block-heading has-text-align-center\" style=\"font-size:60px;font-style:normal;font-weight:300;letter-spacing:4px\">TA GJERNE KONTAKT<\/h1>\n\n\n\n<div class=\"wp-block-columns is-layout-flex wp-container-core-columns-is-layout-28f84493 wp-block-columns-is-layout-flex\">\n<div class=\"wp-block-column is-vertically-aligned-center is-layout-flow wp-block-column-is-layout-flow\">\n<ul class=\"wp-block-social-links has-large-icon-size is-content-justification-right is-layout-flex wp-container-core-social-links-is-layout-d445cf74 wp-block-social-links-is-layout-flex\"><li class=\"wp-social-link wp-social-link-facebook  wp-block-social-link\"><a href=\"https:\/\/www.facebook.com\/Bergen-Unge-Kammerorkester-158388814180249\" class=\"wp-block-social-link-anchor\"><svg width=\"24\" height=\"24\" viewBox=\"0 0 24 24\" version=\"1.1\" xmlns=\"http:\/\/www.w3.org\/2000\/svg\" aria-hidden=\"true\" focusable=\"false\"><path d=\"M12 2C6.5 2 2 6.5 2 12c0 5 3.7 9.1 8.4 9.9v-7H7.9V12h2.5V9.8c0-2.5 1.5-3.9 3.8-3.9 1.1 0 2.2.2 2.2.2v2.5h-1.3c-1.2 0-1.6.8-1.6 1.6V12h2.8l-.4 2.9h-2.3v7C18.3 21.1 22 17 22 12c0-5.5-4.5-10-10-10z\"><\/path><\/svg><span class=\"wp-block-social-link-label screen-reader-text\">Facebook<\/span><\/a><\/li><\/ul>\n\n\n\n<p class=\"has-text-align-right has-medium-font-size\">Facebook<\/p>\n<\/div>\n\n\n\n<div class=\"wp-block-column is-layout-flow wp-block-column-is-layout-flow\">\n<ul class=\"wp-block-social-links has-large-icon-size is-layout-flex wp-block-social-links-is-layout-flex\"><li class=\"wp-social-link wp-social-link-mail  wp-block-social-link\"><a href=\"mailto:&#112;&#111;st&#064;b&#101;r&#103;e&#110;unge&#107;&#097;&#109;&#109;erorkest&#101;&#114;&#046;&#110;&#111;\" class=\"wp-block-social-link-anchor\"><svg width=\"24\" height=\"24\" viewBox=\"0 0 24 24\" version=\"1.1\" xmlns=\"http:\/\/www.w3.org\/2000\/svg\" aria-hidden=\"true\" focusable=\"false\"><path d=\"M19,5H5c-1.1,0-2,.9-2,2v10c0,1.1.9,2,2,2h14c1.1,0,2-.9,2-2V7c0-1.1-.9-2-2-2zm.5,12c0,.3-.2.5-.5.5H5c-.3,0-.5-.2-.5-.5V9.8l7.5,5.6,7.5-5.6V17zm0-9.1L12,13.6,4.5,7.9V7c0-.3.2-.5.5-.5h14c.3,0,.5.2.5.5v.9z\"><\/path><\/svg><span class=\"wp-block-social-link-label screen-reader-text\">E-post<\/span><\/a><\/li><\/ul>\n\n\n\n<p class=\"has-medium-font-size\">E-post<\/p>\n<\/div>\n<\/div>\n\n\n\n<h2 class=\"wp-block-heading has-text-align-center\" style=\"font-style:normal;font-weight:300;letter-spacing:3px\">Vil du spille med oss?<\/h2>\n\n\n\n<div style=\"height:18px\" aria-hidden=\"true\" class=\"wp-block-spacer\"><\/div>\n\n\n\n<div class=\"wp-block-columns alignwide is-layout-flex wp-container-core-columns-is-layout-28f84493 wp-block-columns-is-layout-flex\">\n<div class=\"wp-block-column is-vertically-aligned-center is-layout-flow wp-block-column-is-layout-flow\" style=\"flex-basis:45%\">\n<div class=\"wp-block-group is-vertical is-layout-flex wp-container-core-group-is-layout-fe9cc265 wp-block-group-is-layout-flex\">\n<p>Enten du satser p\u00e5 en karriere innen musikk eller ikke, er du hjertelig velkommen til \u00e5 ta kontakt med oss for \u00e5 bli medlem. I BUKO er kvalitet og profesjonalitet v\u00e5rt hovedfokus, men vi legger ogs\u00e5 stor vekt p\u00e5 gruppedynamikken og personen bak lyden.<\/p>\n\n\n\n<p><br>Vi \u00f8nsker at du alltid skal utvikle deg b\u00e5de musikalsk og faglig, men BUKO er ogs\u00e5 et sted hvor du m\u00f8ter likesinnede venner og kolleger for livet. Ikke minst f\u00e5r du muligheten til \u00e5 spille sammen med anerkjente solister og orkestre over hele verden!<\/p>\n\n\n\n<p>Gi oss noen detaljer, s\u00e5 tar vi kontakt med deg snart!<\/p>\n<\/div>\n<\/div>\n\n\n\n<div class=\"wp-block-column is-vertically-aligned-center is-layout-flow wp-block-column-is-layout-flow\" style=\"flex-basis:55%\">\n<figure class=\"wp-block-image size-large\"><img loading=\"lazy\" decoding=\"async\" width=\"1024\" height=\"856\" src=\"https:\/\/www.bergenungekammerorkester.no\/wp-content\/uploads\/2022\/08\/DSC02380-1024x856.jpg\" alt=\"\" class=\"wp-image-834\" srcset=\"https:\/\/www.bergenungekammerorkester.no\/wp-content\/uploads\/2022\/08\/DSC02380-1024x856.jpg 1024w, https:\/\/www.bergenungekammerorkester.no\/wp-content\/uploads\/2022\/08\/DSC02380-300x251.jpg 300w, https:\/\/www.bergenungekammerorkester.no\/wp-content\/uploads\/2022\/08\/DSC02380-768x642.jpg 768w, https:\/\/www.bergenungekammerorkester.no\/wp-content\/uploads\/2022\/08\/DSC02380-1536x1284.jpg 1536w, https:\/\/www.bergenungekammerorkester.no\/wp-content\/uploads\/2022\/08\/DSC02380-2048x1712.jpg 2048w\" sizes=\"auto, (max-width: 1024px) 100vw, 1024px\" \/><\/figure>\n<\/div>\n<\/div>\n","protected":false},"excerpt":{"rendered":"<p>TA GJERNE KONTAKT Facebook E-post Vil du spille med oss? Enten du satser p\u00e5 en karriere innen musikk eller ikke, er du hjertelig velkommen til \u00e5 ta kontakt med oss for \u00e5 bli medlem. I BUKO er kvalitet og profesjonalitet v\u00e5rt hovedfokus, men vi legger ogs\u00e5 stor vekt p\u00e5 gruppedynamikken [&hellip;]<\/p>\n","protected":false},"author":1,"featured_media":0,"parent":0,"menu_order":0,"comment_status":"closed","ping_status":"closed","template":"","meta":{"inline_featured_image":false,"footnotes":""},"class_list":["post-130","page","type-page","status-publish","hentry"],"_links":{"self":[{"href":"https:\/\/www.bergenungekammerorkester.no\/index.php\/wp-json\/wp\/v2\/pages\/130","targetHints":{"allow":["GET"]}}],"collection":[{"href":"https:\/\/www.bergenungekammerorkester.no\/index.php\/wp-json\/wp\/v2\/pages"}],"about":[{"href":"https:\/\/www.bergenungekammerorkester.no\/index.php\/wp-json\/wp\/v2\/types\/page"}],"author":[{"embeddable":true,"href":"https:\/\/www.bergenungekammerorkester.no\/index.php\/wp-json\/wp\/v2\/users\/1"}],"replies":[{"embeddable":true,"href":"https:\/\/www.bergenungekammerorkester.no\/index.php\/wp-json\/wp\/v2\/comments?post=130"}],"version-history":[{"count":44,"href":"https:\/\/www.bergenungekammerorkester.no\/index.php\/wp-json\/wp\/v2\/pages\/130\/revisions"}],"predecessor-version":[{"id":1024,"href":"https:\/\/www.bergenungekammerorkester.no\/index.php\/wp-json\/wp\/v2\/pages\/130\/revisions\/1024"}],"wp:attachment":[{"href":"https:\/\/www.bergenungekammerorkester.no\/index.php\/wp-json\/wp\/v2\/media?parent=130"}],"curies":[{"name":"wp","href":"https:\/\/api.w.org\/{rel}","templated":true}]}}